{"id":1929,"date":"2018-12-27T09:19:52","date_gmt":"2018-12-27T09:19:52","guid":{"rendered":"https:\/\/fotozubieta.es\/?page_id=1929"},"modified":"2020-12-04T18:43:10","modified_gmt":"2020-12-04T18:43:10","slug":"oferta-del-mes","status":"publish","type":"page","link":"https:\/\/fotozubieta.es\/?page_id=1929","title":{"rendered":"\u00a1Oferta del mes!"},"content":{"rendered":"\n<figure class=\"wp-block-image size-large\"><img data-recalc-dims=\"1\" loading=\"lazy\" decoding=\"async\" width=\"1000\" height=\"674\" data-attachment-id=\"2493\" data-permalink=\"https:\/\/fotozubieta.es\/?attachment_id=2493\" data-orig-file=\"https:\/\/i0.wp.com\/fotozubieta.es\/wp-content\/uploads\/2020\/12\/revelado.jpg?fit=1000%2C674&amp;ssl=1\" data-orig-size=\"1000,674\" data-comments-opened=\"0\" data-image-meta=\"{&quot;aperture&quot;:&quot;0&quot;,&quot;credit&quot;:&quot;&quot;,&quot;camera&quot;:&quot;&quot;,&quot;caption&quot;:&quot;&quot;,&quot;created_timestamp&quot;:&quot;0&quot;,&quot;copyright&quot;:&quot;&quot;,&quot;focal_length&quot;:&quot;0&quot;,&quot;iso&quot;:&quot;0&quot;,&quot;shutter_speed&quot;:&quot;0&quot;,&quot;title&quot;:&quot;&quot;,&quot;orientation&quot;:&quot;0&quot;}\" data-image-title=\"revelado\" data-image-description=\"\" data-image-caption=\"\" data-medium-file=\"https:\/\/i0.wp.com\/fotozubieta.es\/wp-content\/uploads\/2020\/12\/revelado.jpg?fit=300%2C202&amp;ssl=1\" data-large-file=\"https:\/\/i0.wp.com\/fotozubieta.es\/wp-content\/uploads\/2020\/12\/revelado.jpg?fit=1000%2C674&amp;ssl=1\" src=\"https:\/\/i0.wp.com\/fotozubieta.es\/wp-content\/uploads\/2020\/12\/revelado.jpg?resize=1000%2C674&#038;ssl=1\" alt=\"\" class=\"wp-image-2493\" srcset=\"https:\/\/i0.wp.com\/fotozubieta.es\/wp-content\/uploads\/2020\/12\/revelado.jpg?w=1000&amp;ssl=1 1000w, https:\/\/i0.wp.com\/fotozubieta.es\/wp-content\/uploads\/2020\/12\/revelado.jpg?resize=300%2C202&amp;ssl=1 300w, https:\/\/i0.wp.com\/fotozubieta.es\/wp-content\/uploads\/2020\/12\/revelado.jpg?resize=768%2C518&amp;ssl=1 768w\" sizes=\"auto, (max-width: 1000px) 100vw, 1000px\" \/><\/figure>\n\n\n\n<p class=\"has-medium-font-size\"><strong>Revelado 100 fotograf\u00edas 10&#215;15<\/strong><\/p>\n\n\n\n<p class=\"has-large-font-size\">19\u20ac<\/p>\n","protected":false},"excerpt":{"rendered":"<p>Revelado 100 fotograf\u00edas 10&#215;15 19\u20ac<\/p>\n","protected":false},"author":1,"featured_media":0,"parent":0,"menu_order":0,"comment_status":"closed","ping_status":"closed","template":"page-templates\/no-sidebar.php","meta":{"jetpack_post_was_ever_published":false,"footnotes":""},"class_list":["post-1929","page","type-page","status-publish","hentry"],"jetpack_sharing_enabled":true,"jetpack_shortlink":"https:\/\/wp.me\/PayHw8-v7","jetpack-related-posts":[{"id":1890,"url":"https:\/\/fotozubieta.es\/?page_id=1890","url_meta":{"origin":1929,"position":0},"title":"Qui\u00e9nes Somos","author":"fotozubieta","date":"diciembre 26, 2018","format":false,"excerpt":"En 1905, Pedro Zubieta Fern\u00e1ndez fund\u00f3 la tienda de fotograf\u00eda mas antigua de Santander, la cual empez\u00f3 siendo de comercio mixto, como muchas de la \u00e9poca, es decir vendiendo de todo, desde droguer\u00eda hasta art\u00edculos relacionados con la fotograf\u00eda.\u00a0 En 1915 se reincorpor\u00f3 al negocio familiar \u00c1lvaro Zubieta Mazas ,\u2026","rel":"","context":"Entrada similar","block_context":{"text":"Entrada similar","link":""},"img":{"alt_text":"","src":"https:\/\/i0.wp.com\/fotozubieta.es\/wp-content\/uploads\/2018\/12\/portada.jpg?resize=350%2C200&ssl=1","width":350,"height":200,"srcset":"https:\/\/i0.wp.com\/fotozubieta.es\/wp-content\/uploads\/2018\/12\/portada.jpg?resize=350%2C200&ssl=1 1x, https:\/\/i0.wp.com\/fotozubieta.es\/wp-content\/uploads\/2018\/12\/portada.jpg?resize=525%2C300&ssl=1 1.5x, https:\/\/i0.wp.com\/fotozubieta.es\/wp-content\/uploads\/2018\/12\/portada.jpg?resize=700%2C400&ssl=1 2x, https:\/\/i0.wp.com\/fotozubieta.es\/wp-content\/uploads\/2018\/12\/portada.jpg?resize=1050%2C600&ssl=1 3x, https:\/\/i0.wp.com\/fotozubieta.es\/wp-content\/uploads\/2018\/12\/portada.jpg?resize=1400%2C800&ssl=1 4x"},"classes":[]},{"id":1902,"url":"https:\/\/fotozubieta.es\/?page_id=1902","url_meta":{"origin":1929,"position":1},"title":"Nuestros Servicios","author":"admin","date":"diciembre 26, 2018","format":false,"excerpt":"Servicios fotogr\u00e1ficos Reportajes de eventos, cursos de fotograf\u00eda, retoque fotogr\u00e1fico, impresi\u00f3n gr\u00e1fica o fotos de carnet al instante; cualquiera que sean tus necesidades en Fotograf\u00eda Zubieta contamos con el mejor equipo de profesionales para cumplir con tus expectativas Restauraci\u00f3n de Fotograf\u00edas Antiguas Tratamos tus fotograf\u00edas antiguas para eliminar ara\u00f1azos, roturas,\u2026","rel":"","context":"Entrada similar","block_context":{"text":"Entrada similar","link":""},"img":{"alt_text":"","src":"https:\/\/i0.wp.com\/fotozubieta.es\/wp-content\/uploads\/2019\/02\/servicios4.jpg?resize=350%2C200","width":350,"height":200,"srcset":"https:\/\/i0.wp.com\/fotozubieta.es\/wp-content\/uploads\/2019\/02\/servicios4.jpg?resize=350%2C200 1x, https:\/\/i0.wp.com\/fotozubieta.es\/wp-content\/uploads\/2019\/02\/servicios4.jpg?resize=525%2C300 1.5x"},"classes":[]},{"id":2456,"url":"https:\/\/fotozubieta.es\/?page_id=2456","url_meta":{"origin":1929,"position":2},"title":"M\u00e1s informaci\u00f3n sobre las cookies","author":"fotozubieta","date":"enero 25, 2019","format":false,"excerpt":"\u00bfQu\u00e9 es una cookie? Una cookie es un fichero de texto inofensivo que se almacena en su navegador cuando visita casi cualquier p\u00e1gina web. La utilidad de la cookie es que la web sea capaz de recordar su visita cuando vuelva a navegar por esa p\u00e1gina. Aunque mucha gente no\u2026","rel":"","context":"Entrada similar","block_context":{"text":"Entrada similar","link":""},"img":{"alt_text":"","src":"","width":0,"height":0},"classes":[]},{"id":2459,"url":"https:\/\/fotozubieta.es\/?page_id=2459","url_meta":{"origin":1929,"position":3},"title":"Aviso Legal","author":"fotozubieta","date":"enero 25, 2019","format":false,"excerpt":"DATOS IDENTIFICATIVOS Empresa: Fotograf\u00eda Zubieta S.L. Domicilio: C\/ Hern\u00e1n Cort\u00e9s 17, 39003 Santander (Cantabria) CIF: E-mail de contacto: fotozubieta@gmail.com USUARIOS El acceso y o uso de esta web atribuye la condici\u00f3n de USUARIO, que acepta, desde dicho acceso y\/o uso, las Condiciones Generales de Uso aqu\u00ed reflejadas. Las citadas Condiciones\u2026","rel":"","context":"Entrada similar","block_context":{"text":"Entrada similar","link":""},"img":{"alt_text":"","src":"","width":0,"height":0},"classes":[]},{"id":2457,"url":"https:\/\/fotozubieta.es\/?page_id=2457","url_meta":{"origin":1929,"position":4},"title":"Pol\u00edtica de cookies","author":"fotozubieta","date":"enero 25, 2019","format":false,"excerpt":"Pol\u00edtica de cookies Una cookie es un peque\u00f1o fichero de texto que se almacena en su navegador cuando visita casi cualquier p\u00e1gina web. Su utilidad es que la web sea capaz de recordar su visita cuando vuelva a navegar por esa p\u00e1gina. Las cookies suelen almacenar informaci\u00f3n de car\u00e1cter t\u00e9cnico,\u2026","rel":"","context":"Entrada similar","block_context":{"text":"Entrada similar","link":""},"img":{"alt_text":"","src":"","width":0,"height":0},"classes":[]}],"_links":{"self":[{"href":"https:\/\/fotozubieta.es\/index.php?rest_route=\/wp\/v2\/pages\/1929","targetHints":{"allow":["GET"]}}],"collection":[{"href":"https:\/\/fotozubieta.es\/index.php?rest_route=\/wp\/v2\/pages"}],"about":[{"href":"https:\/\/fotozubieta.es\/index.php?rest_route=\/wp\/v2\/types\/page"}],"author":[{"embeddable":true,"href":"https:\/\/fotozubieta.es\/index.php?rest_route=\/wp\/v2\/users\/1"}],"replies":[{"embeddable":true,"href":"https:\/\/fotozubieta.es\/index.php?rest_route=%2Fwp%2Fv2%2Fcomments&post=1929"}],"version-history":[{"count":8,"href":"https:\/\/fotozubieta.es\/index.php?rest_route=\/wp\/v2\/pages\/1929\/revisions"}],"predecessor-version":[{"id":2494,"href":"https:\/\/fotozubieta.es\/index.php?rest_route=\/wp\/v2\/pages\/1929\/revisions\/2494"}],"wp:attachment":[{"href":"https:\/\/fotozubieta.es\/index.php?rest_route=%2Fwp%2Fv2%2Fmedia&parent=1929"}],"curies":[{"name":"wp","href":"https:\/\/api.w.org\/{rel}","templated":true}]}}