{"id":1890,"date":"2018-12-26T09:56:16","date_gmt":"2018-12-26T09:56:16","guid":{"rendered":"https:\/\/fotozubieta.es\/?page_id=1890"},"modified":"2018-12-27T08:23:45","modified_gmt":"2018-12-27T08:23:45","slug":"quienes-somos","status":"publish","type":"page","link":"https:\/\/fotozubieta.es\/?page_id=1890","title":{"rendered":"Qui\u00e9nes Somos"},"content":{"rendered":"\n<figure class=\"wp-block-image\"><img data-recalc-dims=\"1\" loading=\"lazy\" decoding=\"async\" width=\"1024\" height=\"628\" data-attachment-id=\"1889\" data-permalink=\"https:\/\/fotozubieta.es\/?attachment_id=1889\" data-orig-file=\"https:\/\/i0.wp.com\/fotozubieta.es\/wp-content\/uploads\/2018\/12\/portada.jpg?fit=1958%2C1200&amp;ssl=1\" data-orig-size=\"1958,1200\" data-comments-opened=\"1\" data-image-meta=\"{&quot;aperture&quot;:&quot;5.6&quot;,&quot;credit&quot;:&quot;&quot;,&quot;camera&quot;:&quot;Canon PowerShot G1 X&quot;,&quot;caption&quot;:&quot;&quot;,&quot;created_timestamp&quot;:&quot;1342689459&quot;,&quot;copyright&quot;:&quot;&quot;,&quot;focal_length&quot;:&quot;15.1&quot;,&quot;iso&quot;:&quot;1600&quot;,&quot;shutter_speed&quot;:&quot;0.0008&quot;,&quot;title&quot;:&quot;&quot;,&quot;orientation&quot;:&quot;0&quot;}\" data-image-title=\"portada\" data-image-description=\"\" data-image-caption=\"\" data-medium-file=\"https:\/\/i0.wp.com\/fotozubieta.es\/wp-content\/uploads\/2018\/12\/portada.jpg?fit=300%2C184&amp;ssl=1\" data-large-file=\"https:\/\/i0.wp.com\/fotozubieta.es\/wp-content\/uploads\/2018\/12\/portada.jpg?fit=1024%2C628&amp;ssl=1\" src=\"https:\/\/i0.wp.com\/fotozubieta.es\/wp-content\/uploads\/2018\/12\/portada.jpg?resize=1024%2C628&#038;ssl=1\" alt=\"\" class=\"wp-image-1889\" srcset=\"https:\/\/i0.wp.com\/fotozubieta.es\/wp-content\/uploads\/2018\/12\/portada.jpg?resize=1024%2C628&amp;ssl=1 1024w, https:\/\/i0.wp.com\/fotozubieta.es\/wp-content\/uploads\/2018\/12\/portada.jpg?resize=300%2C184&amp;ssl=1 300w, https:\/\/i0.wp.com\/fotozubieta.es\/wp-content\/uploads\/2018\/12\/portada.jpg?resize=768%2C471&amp;ssl=1 768w, https:\/\/i0.wp.com\/fotozubieta.es\/wp-content\/uploads\/2018\/12\/portada.jpg?w=1958&amp;ssl=1 1958w\" sizes=\"auto, (max-width: 1024px) 100vw, 1024px\" \/><\/figure>\n\n\n\n<p> En 1905, Pedro Zubieta Fern\u00e1ndez fund\u00f3 la tienda de fotograf\u00eda mas antigua de Santander, la cual empez\u00f3 siendo de comercio mixto, como muchas de la \u00e9poca, es decir vendiendo de todo, desde droguer\u00eda hasta art\u00edculos relacionados con la fotograf\u00eda.\u00a0 En 1915 se reincorpor\u00f3 al negocio familiar \u00c1lvaro Zubieta Mazas , y sobre esta \u00e9poca Fotograf\u00eda Zubieta comenz\u00f3 a especializarse mas en la fotograf\u00eda. <\/p>\n\n\n\n<p> Despu\u00e9s de la guerra, aparecieron los minuteros, fot\u00f3grafos\u00a0 que asist\u00edan a las romer\u00edas de los pueblos, y los leikistas ( usuarios de la c\u00e1mara Leika), muy conocida en la  \u00e9poca. Tambi\u00e9n una an\u00e9cdota de la \u00e9poca fue que Zubieta realiz\u00f3 multitud de reportajes de las bodas, en los cuales los novios acud\u00edan al estudio de Zubieta para realizarlos. En 1950, sigui\u00f3 con el negocio de la fotograf\u00eda Alvaro Zubieta Hervas, en la actualidad jubilado con mas de 70 a\u00f1os, y su hijo es el encargado de llevar el negocio hoy en d\u00eda. <\/p>\n\n\n\n<p>Mas adelante, Zubieta tambi\u00e9n tuvo una \u00e9poca en la cual se especializ\u00f3 en las bellas artes, y por la tienda de Zubieta pasaron pintores de la talla de Riancho , Cossio y Guti\u00e9rrez Solana, ya que se vend\u00edan todo tipo de art\u00edculos relacionados con la pintura. <\/p>\n\n\n\n<p>En Fotograf\u00eda Zubieta contamos con la \u00faltima tecnolog\u00eda en revelado digital de todo tipo de dispositivos, y las \u00faltimas novedades en c\u00e1maras fotogr\u00e1ficas, accesorios y todo lo que corresponde al mundo de la fotograf\u00eda, con personal altamente cualificado que podr\u00e1 responder a cualquiera de sus dudas.<\/p>\n\n\n\n<p>Realizamos fotograf\u00edas de carnet al instante, y convertimos tus cintas de\nvideo a DVD. Disponemos de un amplio archivo de fotograf\u00edas de Santander y\nCantabria.<\/p>\n\n\n\n<p>Nuestra experiencia nos hizo merecedores del premio a la Trayectoria del Comercio de Santander en el a\u00f1o 2010.  Vis\u00edtanos en la Plaza de Pombo de Santander, calle Hern\u00e1n Cort\u00e9s 17, o ponte en contacto con nosotros en el correo electr\u00f3nico fotozubieta@gmail.com <\/p>\n","protected":false},"excerpt":{"rendered":"<p>En 1905, Pedro Zubieta Fern\u00e1ndez fund\u00f3 la tienda de fotograf\u00eda mas antigua de Santander, la cual empez\u00f3 siendo de comercio &hellip; <a href=\"https:\/\/fotozubieta.es\/?page_id=1890\" class=\"more-link\">Sigue leyendo <span class=\"screen-reader-text\">Qui\u00e9nes Somos<\/span><\/a><\/p>\n","protected":false},"author":2,"featured_media":0,"parent":0,"menu_order":0,"comment_status":"closed","ping_status":"closed","template":"page-templates\/full-width.php","meta":{"jetpack_post_was_ever_published":false,"footnotes":""},"class_list":["post-1890","page","type-page","status-publish","hentry"],"jetpack_sharing_enabled":true,"jetpack_shortlink":"https:\/\/wp.me\/PayHw8-uu","jetpack-related-posts":[{"id":2459,"url":"https:\/\/fotozubieta.es\/?page_id=2459","url_meta":{"origin":1890,"position":0},"title":"Aviso Legal","author":"fotozubieta","date":"enero 25, 2019","format":false,"excerpt":"DATOS IDENTIFICATIVOS Empresa: Fotograf\u00eda Zubieta S.L. Domicilio: C\/ Hern\u00e1n Cort\u00e9s 17, 39003 Santander (Cantabria) CIF: E-mail de contacto: fotozubieta@gmail.com USUARIOS El acceso y o uso de esta web atribuye la condici\u00f3n de USUARIO, que acepta, desde dicho acceso y\/o uso, las Condiciones Generales de Uso aqu\u00ed reflejadas. Las citadas Condiciones\u2026","rel":"","context":"Entrada similar","block_context":{"text":"Entrada similar","link":""},"img":{"alt_text":"","src":"","width":0,"height":0},"classes":[]},{"id":1902,"url":"https:\/\/fotozubieta.es\/?page_id=1902","url_meta":{"origin":1890,"position":1},"title":"Nuestros Servicios","author":"admin","date":"diciembre 26, 2018","format":false,"excerpt":"Servicios fotogr\u00e1ficos Reportajes de eventos, cursos de fotograf\u00eda, retoque fotogr\u00e1fico, impresi\u00f3n gr\u00e1fica o fotos de carnet al instante; cualquiera que sean tus necesidades en Fotograf\u00eda Zubieta contamos con el mejor equipo de profesionales para cumplir con tus expectativas Restauraci\u00f3n de Fotograf\u00edas Antiguas Tratamos tus fotograf\u00edas antiguas para eliminar ara\u00f1azos, roturas,\u2026","rel":"","context":"Entrada similar","block_context":{"text":"Entrada similar","link":""},"img":{"alt_text":"","src":"https:\/\/i0.wp.com\/fotozubieta.es\/wp-content\/uploads\/2019\/02\/servicios4.jpg?resize=350%2C200","width":350,"height":200,"srcset":"https:\/\/i0.wp.com\/fotozubieta.es\/wp-content\/uploads\/2019\/02\/servicios4.jpg?resize=350%2C200 1x, https:\/\/i0.wp.com\/fotozubieta.es\/wp-content\/uploads\/2019\/02\/servicios4.jpg?resize=525%2C300 1.5x"},"classes":[]},{"id":8,"url":"https:\/\/fotozubieta.es\/","url_meta":{"origin":1890,"position":2},"title":"Front Page","author":"admin","date":"diciembre 24, 2018","format":false,"excerpt":"","rel":"","context":"Entrada similar","block_context":{"text":"Entrada similar","link":""},"img":{"alt_text":"","src":"","width":0,"height":0},"classes":[]},{"id":9,"url":"https:\/\/fotozubieta.es\/?page_id=9","url_meta":{"origin":1890,"position":3},"title":"Blog","author":"admin","date":"diciembre 24, 2018","format":false,"excerpt":"","rel":"","context":"Entrada similar","block_context":{"text":"Entrada similar","link":""},"img":{"alt_text":"","src":"","width":0,"height":0},"classes":[]},{"id":1929,"url":"https:\/\/fotozubieta.es\/?page_id=1929","url_meta":{"origin":1890,"position":4},"title":"\u00a1Oferta del mes!","author":"admin","date":"diciembre 27, 2018","format":false,"excerpt":"Revelado 100 fotograf\u00edas 10x15 19\u20ac","rel":"","context":"Entrada similar","block_context":{"text":"Entrada similar","link":""},"img":{"alt_text":"","src":"https:\/\/i0.wp.com\/fotozubieta.es\/wp-content\/uploads\/2020\/12\/revelado.jpg?resize=350%2C200&ssl=1","width":350,"height":200,"srcset":"https:\/\/i0.wp.com\/fotozubieta.es\/wp-content\/uploads\/2020\/12\/revelado.jpg?resize=350%2C200&ssl=1 1x, https:\/\/i0.wp.com\/fotozubieta.es\/wp-content\/uploads\/2020\/12\/revelado.jpg?resize=525%2C300&ssl=1 1.5x, https:\/\/i0.wp.com\/fotozubieta.es\/wp-content\/uploads\/2020\/12\/revelado.jpg?resize=700%2C400&ssl=1 2x"},"classes":[]},{"id":703,"url":"https:\/\/fotozubieta.es\/?page_id=703","url_meta":{"origin":1890,"position":5},"title":"Blog","author":"admin","date":"mayo 20, 2011","format":false,"excerpt":"Use this static Page to test the Theme's handling of the Blog Posts Index page. If the site is set to display a static Page on the Front Page, and this Page is set to display the Blog Posts Index, then this text should not appear.","rel":"","context":"Entrada similar","block_context":{"text":"Entrada similar","link":""},"img":{"alt_text":"","src":"","width":0,"height":0},"classes":[]}],"_links":{"self":[{"href":"https:\/\/fotozubieta.es\/index.php?rest_route=\/wp\/v2\/pages\/1890","targetHints":{"allow":["GET"]}}],"collection":[{"href":"https:\/\/fotozubieta.es\/index.php?rest_route=\/wp\/v2\/pages"}],"about":[{"href":"https:\/\/fotozubieta.es\/index.php?rest_route=\/wp\/v2\/types\/page"}],"author":[{"embeddable":true,"href":"https:\/\/fotozubieta.es\/index.php?rest_route=\/wp\/v2\/users\/2"}],"replies":[{"embeddable":true,"href":"https:\/\/fotozubieta.es\/index.php?rest_route=%2Fwp%2Fv2%2Fcomments&post=1890"}],"version-history":[{"count":2,"href":"https:\/\/fotozubieta.es\/index.php?rest_route=\/wp\/v2\/pages\/1890\/revisions"}],"predecessor-version":[{"id":1909,"href":"https:\/\/fotozubieta.es\/index.php?rest_route=\/wp\/v2\/pages\/1890\/revisions\/1909"}],"wp:attachment":[{"href":"https:\/\/fotozubieta.es\/index.php?rest_route=%2Fwp%2Fv2%2Fmedia&parent=1890"}],"curies":[{"name":"wp","href":"https:\/\/api.w.org\/{rel}","templated":true}]}}